{"id":704,"date":"2024-11-06T02:46:16","date_gmt":"2024-11-06T01:46:16","guid":{"rendered":"https:\/\/www.happydog-club.com\/?post_type=product&#038;p=704"},"modified":"2026-05-17T12:00:04","modified_gmt":"2026-05-17T10:00:04","slug":"royal-canin-hairball-400g","status":"publish","type":"product","link":"https:\/\/www.happydog-club.com\/ru\/p\/royal-canin-hairball-400g\/","title":{"rendered":"RC HAIRBALL CARE 400GR"},"content":{"rendered":"<p>HDC<\/p>","protected":false},"excerpt":{"rendered":"<p class=\"\" data-start=\"144\" data-end=\"207\">Podsti\u010de eliminaciju progutane dlake putem probavnog sistema<\/p>\n<p class=\"\" data-start=\"209\" data-end=\"267\">\u200bOboga\u0107eno vlaknima i psilijumom za zdrav crevni tranzit<\/p>\n<p class=\"\" data-start=\"269\" data-end=\"323\">\u200bSmanjuje formiranje loptica dlake u roku od 14 dana<\/p>\n<p class=\"\" data-start=\"325\" data-end=\"386\">\u200bOdr\u017eava zdravlje urinarnog sistema balansiranim mineralima<\/p>\n<p class=\"\" data-start=\"388\" data-end=\"438\">\u200bVisok sadr\u017eaj proteina za o\u010duvanje mi\u0161i\u0107ne mase<\/p>\n<p class=\"\" data-start=\"440\" data-end=\"516\">\u200bPakovanje od 400g \u2013 savr\u0161eno za svakodnevnu upotrebu i odr\u017eavanje sve\u017eine<\/p>\n<p class=\"\" data-start=\"518\" data-end=\"620\">ROYAL CANIN Hairball Care je idealan za ma\u010dke koje se \u010desto neguju i imaju problem sa lopticama dlake.<\/p>\n<p class=\"\" data-start=\"622\" data-end=\"693\"><strong data-start=\"622\" data-end=\"693\">Poru\u010dite odmah i olak\u0161ajte svojoj ma\u010dki svakodnevnu negu organizma!<\/strong><\/p>","protected":false},"featured_media":16570,"comment_status":"open","ping_status":"closed","template":"","meta":{"_acf_changed":false},"product_brand":[],"product_cat":[485,484],"product_tag":[],"class_list":{"0":"post-704","1":"product","2":"type-product","3":"status-publish","4":"has-post-thumbnail","6":"product_cat-hrana-za-mace","7":"product_cat-royal-vet","9":"first","10":"instock","11":"purchasable","12":"product-type-simple"},"acf":[],"seolaxy_ctr_woo_product_custom_meta_description_content":"","_links":{"self":[{"href":"https:\/\/www.happydog-club.com\/ru\/wp-json\/wp\/v2\/product\/704","targetHints":{"allow":["GET"]}}],"collection":[{"href":"https:\/\/www.happydog-club.com\/ru\/wp-json\/wp\/v2\/product"}],"about":[{"href":"https:\/\/www.happydog-club.com\/ru\/wp-json\/wp\/v2\/types\/product"}],"replies":[{"embeddable":true,"href":"https:\/\/www.happydog-club.com\/ru\/wp-json\/wp\/v2\/comments?post=704"}],"version-history":[{"count":3,"href":"https:\/\/www.happydog-club.com\/ru\/wp-json\/wp\/v2\/product\/704\/revisions"}],"predecessor-version":[{"id":27207,"href":"https:\/\/www.happydog-club.com\/ru\/wp-json\/wp\/v2\/product\/704\/revisions\/27207"}],"wp:featuredmedia":[{"embeddable":true,"href":"https:\/\/www.happydog-club.com\/ru\/wp-json\/wp\/v2\/media\/16570"}],"wp:attachment":[{"href":"https:\/\/www.happydog-club.com\/ru\/wp-json\/wp\/v2\/media?parent=704"}],"wp:term":[{"taxonomy":"product_brand","embeddable":true,"href":"https:\/\/www.happydog-club.com\/ru\/wp-json\/wp\/v2\/product_brand?post=704"},{"taxonomy":"product_cat","embeddable":true,"href":"https:\/\/www.happydog-club.com\/ru\/wp-json\/wp\/v2\/product_cat?post=704"},{"taxonomy":"product_tag","embeddable":true,"href":"https:\/\/www.happydog-club.com\/ru\/wp-json\/wp\/v2\/product_tag?post=704"}],"curies":[{"name":"wp","href":"https:\/\/api.w.org\/{rel}","templated":true}]}}