{"id":709,"date":"2024-11-06T02:46:16","date_gmt":"2024-11-06T01:46:16","guid":{"rendered":"https:\/\/www.happydog-club.com\/?post_type=product&#038;p=709"},"modified":"2026-05-17T12:00:04","modified_gmt":"2026-05-17T10:00:04","slug":"royal-canin-puppy-mini-hrana-za-stence-2kg","status":"publish","type":"product","link":"https:\/\/www.happydog-club.com\/ru\/p\/royal-canin-puppy-mini-hrana-za-stence-2kg\/","title":{"rendered":"RC MINI JUNIOR 2 KG#"},"content":{"rendered":"<p>HDC<\/p>","protected":false},"excerpt":{"rendered":"<p class=\"\" data-start=\"240\" data-end=\"524\">\ud83d\udc3e Ja\u010da prirodni imunitet u najosetljivijem periodu \u017eivota<br data-start=\"298\" data-end=\"301\" \/>\ud83d\udc3e Podr\u017eava zdravu probavu i ravnote\u017eu crevne flore<br data-start=\"352\" data-end=\"355\" \/>\ud83d\udc3e Prilago\u0111ena veli\u010dina granula za male vilice<br data-start=\"401\" data-end=\"404\" \/>\ud83d\udc3e Visoka energetska vrednost za intenzivan rast<br data-start=\"452\" data-end=\"455\" \/>\ud83d\udc3e Pakovanje od 2kg \u2013 idealno za prve nedelje uvo\u0111enja \u010dvrste hrane<\/p>\n<p class=\"\" data-start=\"526\" data-end=\"725\">Royal Canin Mini Puppy je potpuna i uravnote\u017eena hrana namenjena \u0161tencima malih rasa (do 10kg u odraslom dobu), uzrasta od 2 do 10 meseci. Poma\u017ee im da izrastu u sna\u017ene i zdrave pse \u2013 korak po korak.<\/p>\n<p class=\"\" data-start=\"727\" data-end=\"797\"><strong data-start=\"727\" data-end=\"797\">Poru\u010dite odmah i obezbedite svom \u0161tencu najbolji po\u010detak u \u017eivotu!<\/strong><\/p>","protected":false},"featured_media":17433,"comment_status":"open","ping_status":"closed","template":"","meta":{"_acf_changed":false},"product_brand":[],"product_cat":[30,484],"product_tag":[],"class_list":{"0":"post-709","1":"product","2":"type-product","3":"status-publish","4":"has-post-thumbnail","6":"product_cat-hrana-za-pse","7":"product_cat-royal-vet","9":"first","10":"instock","11":"purchasable","12":"product-type-simple"},"acf":[],"seolaxy_ctr_woo_product_custom_meta_description_content":"","_links":{"self":[{"href":"https:\/\/www.happydog-club.com\/ru\/wp-json\/wp\/v2\/product\/709","targetHints":{"allow":["GET"]}}],"collection":[{"href":"https:\/\/www.happydog-club.com\/ru\/wp-json\/wp\/v2\/product"}],"about":[{"href":"https:\/\/www.happydog-club.com\/ru\/wp-json\/wp\/v2\/types\/product"}],"replies":[{"embeddable":true,"href":"https:\/\/www.happydog-club.com\/ru\/wp-json\/wp\/v2\/comments?post=709"}],"version-history":[{"count":3,"href":"https:\/\/www.happydog-club.com\/ru\/wp-json\/wp\/v2\/product\/709\/revisions"}],"predecessor-version":[{"id":27111,"href":"https:\/\/www.happydog-club.com\/ru\/wp-json\/wp\/v2\/product\/709\/revisions\/27111"}],"wp:featuredmedia":[{"embeddable":true,"href":"https:\/\/www.happydog-club.com\/ru\/wp-json\/wp\/v2\/media\/17433"}],"wp:attachment":[{"href":"https:\/\/www.happydog-club.com\/ru\/wp-json\/wp\/v2\/media?parent=709"}],"wp:term":[{"taxonomy":"product_brand","embeddable":true,"href":"https:\/\/www.happydog-club.com\/ru\/wp-json\/wp\/v2\/product_brand?post=709"},{"taxonomy":"product_cat","embeddable":true,"href":"https:\/\/www.happydog-club.com\/ru\/wp-json\/wp\/v2\/product_cat?post=709"},{"taxonomy":"product_tag","embeddable":true,"href":"https:\/\/www.happydog-club.com\/ru\/wp-json\/wp\/v2\/product_tag?post=709"}],"curies":[{"name":"wp","href":"https:\/\/api.w.org\/{rel}","templated":true}]}}