{"id":711,"date":"2024-11-06T02:46:16","date_gmt":"2024-11-06T01:46:16","guid":{"rendered":"https:\/\/www.happydog-club.com\/?post_type=product&#038;p=711"},"modified":"2026-05-17T12:00:04","modified_gmt":"2026-05-17T10:00:04","slug":"royal-canin-adult-poodle-500g","status":"publish","type":"product","link":"https:\/\/www.happydog-club.com\/ru\/p\/royal-canin-adult-poodle-500g\/","title":{"rendered":"RC POODLE ADULT 500 GR*"},"content":{"rendered":"<p>HDC<\/p>","protected":false},"excerpt":{"rendered":"<p class=\"\" data-start=\"258\" data-end=\"544\"><strong data-start=\"258\" data-end=\"311\">Formulisano posebno za pudle starije od 10 meseci<\/strong><br data-start=\"311\" data-end=\"314\" \/><strong data-start=\"314\" data-end=\"363\">Podr\u017eava zdravlje ko\u017ee i sjaj kovrd\u017eave dlake<\/strong><br data-start=\"363\" data-end=\"366\" \/><strong data-start=\"366\" data-end=\"413\">Poma\u017ee u o\u010duvanju mi\u0161i\u0107ne mase i vitalnosti<\/strong><br data-start=\"413\" data-end=\"416\" \/><strong data-start=\"416\" data-end=\"469\">Oblik i veli\u010dina granula prilago\u0111eni vilici pudle<\/strong><br data-start=\"469\" data-end=\"472\" \/><strong data-start=\"472\" data-end=\"544\">Pakovanje od 500 g \u2013 idealno za male pse i preciznu kontrolu porcija<\/strong><\/p>\n<p class=\"\" data-start=\"546\" data-end=\"722\">Royal Canin Poodle Adult je potpuna suva hrana razvijena za specifi\u010dne potrebe rasa <strong data-start=\"630\" data-end=\"653\">pudla svih veli\u010dina<\/strong>. Pru\u017ea sve \u0161to je potrebno za zdravlje, energiju i lep izgled dlake.<\/p>\n<p class=\"\" data-start=\"724\" data-end=\"798\"><strong data-start=\"724\" data-end=\"795\">Poru\u010dite sada i obradujte svoju pudlu obrokom kreiranim ba\u0161 za nju!<\/strong> \ud83d\udc3e<\/p>","protected":false},"featured_media":17379,"comment_status":"open","ping_status":"closed","template":"","meta":{"_acf_changed":false},"product_brand":[],"product_cat":[30,484],"product_tag":[],"class_list":{"0":"post-711","1":"product","2":"type-product","3":"status-publish","4":"has-post-thumbnail","6":"product_cat-hrana-za-pse","7":"product_cat-royal-vet","9":"first","10":"instock","11":"purchasable","12":"product-type-simple"},"acf":[],"seolaxy_ctr_woo_product_custom_meta_description_content":"","_links":{"self":[{"href":"https:\/\/www.happydog-club.com\/ru\/wp-json\/wp\/v2\/product\/711","targetHints":{"allow":["GET"]}}],"collection":[{"href":"https:\/\/www.happydog-club.com\/ru\/wp-json\/wp\/v2\/product"}],"about":[{"href":"https:\/\/www.happydog-club.com\/ru\/wp-json\/wp\/v2\/types\/product"}],"replies":[{"embeddable":true,"href":"https:\/\/www.happydog-club.com\/ru\/wp-json\/wp\/v2\/comments?post=711"}],"version-history":[{"count":4,"href":"https:\/\/www.happydog-club.com\/ru\/wp-json\/wp\/v2\/product\/711\/revisions"}],"predecessor-version":[{"id":27153,"href":"https:\/\/www.happydog-club.com\/ru\/wp-json\/wp\/v2\/product\/711\/revisions\/27153"}],"wp:featuredmedia":[{"embeddable":true,"href":"https:\/\/www.happydog-club.com\/ru\/wp-json\/wp\/v2\/media\/17379"}],"wp:attachment":[{"href":"https:\/\/www.happydog-club.com\/ru\/wp-json\/wp\/v2\/media?parent=711"}],"wp:term":[{"taxonomy":"product_brand","embeddable":true,"href":"https:\/\/www.happydog-club.com\/ru\/wp-json\/wp\/v2\/product_brand?post=711"},{"taxonomy":"product_cat","embeddable":true,"href":"https:\/\/www.happydog-club.com\/ru\/wp-json\/wp\/v2\/product_cat?post=711"},{"taxonomy":"product_tag","embeddable":true,"href":"https:\/\/www.happydog-club.com\/ru\/wp-json\/wp\/v2\/product_tag?post=711"}],"curies":[{"name":"wp","href":"https:\/\/api.w.org\/{rel}","templated":true}]}}