{"id":810,"date":"2024-11-06T02:46:26","date_gmt":"2024-11-06T01:46:26","guid":{"rendered":"https:\/\/www.happydog-club.com\/?post_type=product&#038;p=810"},"modified":"2026-05-17T12:00:11","modified_gmt":"2026-05-17T10:00:11","slug":"gimcat-nutri-pockets-malt-vitamin-mix-150g","status":"publish","type":"product","link":"https:\/\/www.happydog-club.com\/ru\/p\/gimcat-nutri-pockets-malt-vitamin-mix-150g\/","title":{"rendered":"GIMCAT NUTRI POCKETS MALT VITAMIN MIX &#8211; 150G"},"content":{"rendered":"<p class=\"hdopro\">Hrskavi i uksuni zalogaji za mace sa nekoliko ukusa. Sadr\u017ei ma\u010diju travu i 12 vitamina. Slad poma\u017ee u uklanjanju progutane dlake. Sadr\u017ei omega 3 i 6 masne kiseline<\/p>\n<p class=\"hdopro\"><strong>SASTAV:<\/strong><br \/>\n\u017eitarice, meso i proizvodi \u017eivotinjskog porekla (crveno-sme\u0111i Nutri d\u017eepovi: govedina, su\u0161eno 4%), ulja i masti, riba i nusproizvodi od ribe (naran\u010dasti i crveno-sme\u0111i Nutri d\u017eepovi: losos, su\u0161eni 4%), ekstrakti biljnih belan\u010devina, nusproizvodi biljnog porekla (crveno-sme\u0111i Nutri d\u017eepovi: tamni slad 4%, zobeno vlakno 4%, zeleni Nutri d\u017eepovi: ma\u010dja meta 0,5%), minerali, jaja i proizvodi od jaja, mlijeko i mlije\u010dni proizvodi, kvasac<\/p>\n<p class=\"hdopro\"><strong>ANALITI\u010cKI SASTAV:<\/strong><br \/>\nSirovi proteini 30,0%Sirova masno\u0107a 20,0%Sirova vlakna 2,5%Sirovi pepeo 6,0%<\/p>\n<p class=\"hdopro\"><strong>PREPORUKA HRANJENJA:<\/strong>GimCat Nutri Pockets dopunska je hrana.Poslu\u017eite do 20 komada dnevno.<\/p>","protected":false},"excerpt":{"rendered":"<p>Hrskavi i uksuni zalogaji za mace sa nekoliko ukusa. Sadr\u017ei ma\u010diju travu i 12 vitamina. Slad poma\u017ee u uklanjanju progutane dlake. Sadr\u017ei omega 3 i 6 masne kiseline SASTAV: \u017eitarice, meso i proizvodi \u017eivotinjskog porekla (crveno-sme\u0111i Nutri d\u017eepovi: govedina, su\u0161eno 4%), ulja i masti, riba i nusproizvodi od ribe (naran\u010dasti i crveno-sme\u0111i Nutri d\u017eepovi: losos, [&hellip;]<\/p>\n","protected":false},"featured_media":16508,"comment_status":"open","ping_status":"closed","template":"","meta":{"_acf_changed":false},"product_brand":[],"product_cat":[37,46],"product_tag":[],"class_list":{"0":"post-810","1":"product","2":"type-product","3":"status-publish","4":"has-post-thumbnail","6":"product_cat-hrana-za-macke","7":"product_cat-poslastice-za-macke","9":"first","10":"instock","11":"purchasable","12":"product-type-simple"},"acf":[],"seolaxy_ctr_woo_product_custom_meta_description_content":"","_links":{"self":[{"href":"https:\/\/www.happydog-club.com\/ru\/wp-json\/wp\/v2\/product\/810","targetHints":{"allow":["GET"]}}],"collection":[{"href":"https:\/\/www.happydog-club.com\/ru\/wp-json\/wp\/v2\/product"}],"about":[{"href":"https:\/\/www.happydog-club.com\/ru\/wp-json\/wp\/v2\/types\/product"}],"replies":[{"embeddable":true,"href":"https:\/\/www.happydog-club.com\/ru\/wp-json\/wp\/v2\/comments?post=810"}],"version-history":[{"count":1,"href":"https:\/\/www.happydog-club.com\/ru\/wp-json\/wp\/v2\/product\/810\/revisions"}],"predecessor-version":[{"id":19819,"href":"https:\/\/www.happydog-club.com\/ru\/wp-json\/wp\/v2\/product\/810\/revisions\/19819"}],"wp:featuredmedia":[{"embeddable":true,"href":"https:\/\/www.happydog-club.com\/ru\/wp-json\/wp\/v2\/media\/16508"}],"wp:attachment":[{"href":"https:\/\/www.happydog-club.com\/ru\/wp-json\/wp\/v2\/media?parent=810"}],"wp:term":[{"taxonomy":"product_brand","embeddable":true,"href":"https:\/\/www.happydog-club.com\/ru\/wp-json\/wp\/v2\/product_brand?post=810"},{"taxonomy":"product_cat","embeddable":true,"href":"https:\/\/www.happydog-club.com\/ru\/wp-json\/wp\/v2\/product_cat?post=810"},{"taxonomy":"product_tag","embeddable":true,"href":"https:\/\/www.happydog-club.com\/ru\/wp-json\/wp\/v2\/product_tag?post=810"}],"curies":[{"name":"wp","href":"https:\/\/api.w.org\/{rel}","templated":true}]}}