{"id":921,"date":"2024-11-06T02:46:37","date_gmt":"2024-11-06T01:46:37","guid":{"rendered":"https:\/\/www.happydog-club.com\/?post_type=product&#038;p=921"},"modified":"2026-05-17T12:00:04","modified_gmt":"2026-05-17T10:00:04","slug":"royal-canin-kitten-hrana-za-macice-2kg","status":"publish","type":"product","link":"https:\/\/www.happydog-club.com\/ru\/p\/royal-canin-kitten-hrana-za-macice-2kg\/","title":{"rendered":"RC KITTEN 2KG"},"content":{"rendered":"<p>HDC<\/p>","protected":false},"excerpt":{"rendered":"<p class=\"\" data-start=\"286\" data-end=\"335\">\u200bPodr\u017eava razvoj imunog sistema u periodu rasta<\/p>\n<p class=\"\" data-start=\"337\" data-end=\"409\">\u200bOboga\u0107eno prebioticima i lako svarljivim proteinima za zdravu probavu<\/p>\n<p class=\"\" data-start=\"411\" data-end=\"469\">\u200bPrilago\u0111en nivo energije za ma\u010di\u0107e starosti 4\u201312 meseci<\/p>\n<p class=\"\" data-start=\"471\" data-end=\"520\">\u200bPoma\u017ee razvoju zuba i zdravoj oralnoj higijeni<\/p>\n<p class=\"\" data-start=\"522\" data-end=\"605\">Pakovanje od 2 kg idealno je za vlasnike koji \u017eele prakti\u010dnu zalihu hrane uz dugotrajnu sve\u017einu i povoljniji odnos cene po obroku.<\/p>\n<p class=\"\" data-start=\"607\" data-end=\"823\">ROYAL CANIN Kitten je posebno formulisana suva hrana za ma\u010di\u0107e u uzrastu od 4 do 12 meseci, periodu kada imunitet jo\u0161 nije u potpunosti razvijen. Hrana obezbe\u0111uje optimalan unos nutrijenata za pravilan rast i razvoj.<\/p>\n<p class=\"\" data-start=\"825\" data-end=\"916\"><strong data-start=\"825\" data-end=\"916\">Naru\u010dite odmah i obezbedite svom ma\u010detu sve \u0161to mu je potrebno za zdrav po\u010detak \u017eivota!<\/strong><\/p>","protected":false},"featured_media":16481,"comment_status":"open","ping_status":"closed","template":"","meta":{"_acf_changed":false},"product_brand":[],"product_cat":[485,484],"product_tag":[],"class_list":{"0":"post-921","1":"product","2":"type-product","3":"status-publish","4":"has-post-thumbnail","6":"product_cat-hrana-za-mace","7":"product_cat-royal-vet","9":"first","10":"instock","11":"purchasable","12":"product-type-simple"},"acf":[],"seolaxy_ctr_woo_product_custom_meta_description_content":"","_links":{"self":[{"href":"https:\/\/www.happydog-club.com\/ru\/wp-json\/wp\/v2\/product\/921","targetHints":{"allow":["GET"]}}],"collection":[{"href":"https:\/\/www.happydog-club.com\/ru\/wp-json\/wp\/v2\/product"}],"about":[{"href":"https:\/\/www.happydog-club.com\/ru\/wp-json\/wp\/v2\/types\/product"}],"replies":[{"embeddable":true,"href":"https:\/\/www.happydog-club.com\/ru\/wp-json\/wp\/v2\/comments?post=921"}],"version-history":[{"count":3,"href":"https:\/\/www.happydog-club.com\/ru\/wp-json\/wp\/v2\/product\/921\/revisions"}],"predecessor-version":[{"id":27176,"href":"https:\/\/www.happydog-club.com\/ru\/wp-json\/wp\/v2\/product\/921\/revisions\/27176"}],"wp:featuredmedia":[{"embeddable":true,"href":"https:\/\/www.happydog-club.com\/ru\/wp-json\/wp\/v2\/media\/16481"}],"wp:attachment":[{"href":"https:\/\/www.happydog-club.com\/ru\/wp-json\/wp\/v2\/media?parent=921"}],"wp:term":[{"taxonomy":"product_brand","embeddable":true,"href":"https:\/\/www.happydog-club.com\/ru\/wp-json\/wp\/v2\/product_brand?post=921"},{"taxonomy":"product_cat","embeddable":true,"href":"https:\/\/www.happydog-club.com\/ru\/wp-json\/wp\/v2\/product_cat?post=921"},{"taxonomy":"product_tag","embeddable":true,"href":"https:\/\/www.happydog-club.com\/ru\/wp-json\/wp\/v2\/product_tag?post=921"}],"curies":[{"name":"wp","href":"https:\/\/api.w.org\/{rel}","templated":true}]}}