{"id":929,"date":"2024-11-06T02:46:37","date_gmt":"2024-11-06T01:46:37","guid":{"rendered":"https:\/\/www.happydog-club.com\/?post_type=product&#038;p=929"},"modified":"2026-05-17T12:00:05","modified_gmt":"2026-05-17T10:00:05","slug":"nd-prime-feline-jagnjetina-i-borovnica-bez-zitarica-1-5kg","status":"publish","type":"product","link":"https:\/\/www.happydog-club.com\/ru\/p\/nd-prime-feline-jagnjetina-i-borovnica-bez-zitarica-1-5kg\/","title":{"rendered":"ND GF CAT 1,5 KG JAGNJ+BOROVN"},"content":{"rendered":"<p>HDC<\/p>","protected":false},"excerpt":{"rendered":"<p>\ud83d\udc3e Jagnjetina \u2013 bogat, lako svarljiv izvor proteina za sna\u017ene mi\u0161i\u0107e i energiju<br \/>\n\ud83d\udc3e Borovnica \u2013 sna\u017ean antioksidans za ja\u010danje imuniteta i zdrav mokra\u0107ni trakt<br \/>\n\ud83d\udc3e Grain free formula \u2013 bez \u017eitarica, glutena i GMO sastojaka<br \/>\n\ud83d\udc3e Bogata omega-3 i omega-6 kiselinama \u2013 za zdravu ko\u017eu i sjajnu dlaku<br \/>\n\ud83d\udc3e Pakovanje od 1.5kg \u2013 idealno za svakodnevnu, dugoro\u010dnu i potpunu ishranu<\/p>\n<p>N&amp;D Prime Feline \u2013 Jagnjetina i Borovnica je kompletna suva hrana bez \u017eitarica, pa\u017eljivo kreirana za odrasle ma\u010dke koje zaslu\u017euju vrhunski kvalitet, odli\u010dan ukus i nutritivnu ravnote\u017eu u svakom obroku.<\/p>\n<p>\ud83d\udc49 Poru\u010dite odmah i pru\u017eite svojoj ma\u010dki zdrav, ukusan i prirodan obrok svaki dan!<\/p>\n<p>&nbsp;<\/p>","protected":false},"featured_media":16549,"comment_status":"open","ping_status":"closed","template":"","meta":{"_acf_changed":false},"product_brand":[],"product_cat":[485,494],"product_tag":[],"class_list":{"0":"post-929","1":"product","2":"type-product","3":"status-publish","4":"has-post-thumbnail","6":"product_cat-hrana-za-mace","7":"product_cat-plus-plus","9":"first","10":"instock","11":"purchasable","12":"product-type-simple"},"acf":[],"seolaxy_ctr_woo_product_custom_meta_description_content":"","_links":{"self":[{"href":"https:\/\/www.happydog-club.com\/ru\/wp-json\/wp\/v2\/product\/929","targetHints":{"allow":["GET"]}}],"collection":[{"href":"https:\/\/www.happydog-club.com\/ru\/wp-json\/wp\/v2\/product"}],"about":[{"href":"https:\/\/www.happydog-club.com\/ru\/wp-json\/wp\/v2\/types\/product"}],"replies":[{"embeddable":true,"href":"https:\/\/www.happydog-club.com\/ru\/wp-json\/wp\/v2\/comments?post=929"}],"version-history":[{"count":3,"href":"https:\/\/www.happydog-club.com\/ru\/wp-json\/wp\/v2\/product\/929\/revisions"}],"predecessor-version":[{"id":27244,"href":"https:\/\/www.happydog-club.com\/ru\/wp-json\/wp\/v2\/product\/929\/revisions\/27244"}],"wp:featuredmedia":[{"embeddable":true,"href":"https:\/\/www.happydog-club.com\/ru\/wp-json\/wp\/v2\/media\/16549"}],"wp:attachment":[{"href":"https:\/\/www.happydog-club.com\/ru\/wp-json\/wp\/v2\/media?parent=929"}],"wp:term":[{"taxonomy":"product_brand","embeddable":true,"href":"https:\/\/www.happydog-club.com\/ru\/wp-json\/wp\/v2\/product_brand?post=929"},{"taxonomy":"product_cat","embeddable":true,"href":"https:\/\/www.happydog-club.com\/ru\/wp-json\/wp\/v2\/product_cat?post=929"},{"taxonomy":"product_tag","embeddable":true,"href":"https:\/\/www.happydog-club.com\/ru\/wp-json\/wp\/v2\/product_tag?post=929"}],"curies":[{"name":"wp","href":"https:\/\/api.w.org\/{rel}","templated":true}]}}