{"id":930,"date":"2024-11-06T02:46:37","date_gmt":"2024-11-06T01:46:37","guid":{"rendered":"https:\/\/www.happydog-club.com\/?post_type=product&#038;p=930"},"modified":"2026-05-17T12:00:10","modified_gmt":"2026-05-17T10:00:10","slug":"nd-pumpkin-feline-neutered-prepelica-i-nar-300","status":"publish","type":"product","link":"https:\/\/www.happydog-club.com\/ru\/p\/nd-pumpkin-feline-neutered-prepelica-i-nar-300\/","title":{"rendered":"N&#038;D PUMPKIN FELINE NEUTERED &#8211; PREPELICA I NAR 300"},"content":{"rendered":"<p>N&amp;D Pumpkin Feline Neutered \u2013 Prepelica i Nar 300g je nutritivno balansirana grain free hrana za odrasle sterilisane ma\u010dke, koje zahtevaju pa\u017eljivo kontrolisanu ishranu zbog promena u metabolizmu nakon sterilizacije.<\/p>\n<p>Prepelica je redak i kvalitetan izvor proteina, odli\u010dan za ma\u010dke koje su izbirljive ili imaju intolerancije. Nar doprinosi ja\u010danju imunog sistema i zdravlju urinarnog trakta, dok bundeva bogata vlaknima pobolj\u0161ava varenje, reguli\u0161e stolicu i pru\u017ea du\u017ei ose\u0107aj sitosti \u2013 \u0161to poma\u017ee u prevenciji gojaznosti.<\/p>\n<p>Ova formula ne sadr\u017ei \u017eitarice, soju, ve\u0161ta\u010dke boje ni konzervanse, a dodatak taurina, omega masnih kiselina, vitamina i minerala doprinosi vitalnosti i zdravlju ko\u017ee i dlake.<\/p>\n<p class=\"hdopro\"><strong>SASTAV:<\/strong><br \/>\nSve\u017ee meso prepelice (32%), dehidrirano meso prepelice (30%), skrob gra\u0161ka, osu\u0161ena bundeva(5%), jaja u prahu, pile\u0107a mast, sve\u017ea haringa, dehidrirana haringa, riblje ulje (haringe), osu\u0161ena\u0161argarepa, osu\u0161ena lucerka, inulin, fruktooligosaharidi, ekstrakt kvasca (izvor manan-oligosaharida), osu\u0161eni nar (0,5%), osu\u0161ena jabuka, osu\u0161eni spana\u0107, psilijum (0,3%), osu\u0161enaslatka pomorand\u017ea, osu\u0161ena borovnica, natrijum hlorid, suvi pivski kvasac, koren kurkume(0,2%), glukozamin, hondroitin sulfat.<strong>NUTRITIVNI SASTOJCI ADITIVI PO KG Hranljivi dodaci:<\/strong> Vitamin A 18000 IJ; vitamin D3 1200 IJ; vitamin E 600 mg; vitamin C 300 mg;Niacin 150 mg; pantotenska kiselina 50 mg; vitamin B2 20 mg; vitamin B6 8,1 mg; vitamin B110 mg; vitamin H 1,5 mg; folna kiselina 1,5 mg; vitamin B12 0,1 mg; holin hlorid 2800 mg;beta\u2010karoten 1,5 mg; cink helat analog metionin hidroksilaze 910 mg; mangan helat analogmetionin hidroksilaze 380 mg; gvo\u017e\u0111e helat glicin hidrata 250 mg; bakar helat analog metioninhidroksilaze 88 mg; DL\u2010metionin 5000 mg; taurin 4000 mg, L-karnitin 400 mg. Organolepti\u010dkidodaci: ekstrakt aloe vere 1000 mg; ekstrakt zelenog \u010daja 100 mg; ekstrakt ruzmarina.Antioksidant: toferolom bogati ekstrakti iz prirodnih izvora.<\/p>\n<p class=\"hdopro\"><strong>ANALITI\u010cKI SASTAV:<\/strong><br \/>\nSirovi protein 46%,Sirova ulja i masti 11%,Sirova vlakna 5,5%,Vlaga 8%,Pepeo 8,7%,Kalcijum 1,5%,Fosfor 1,3%,Omega 6 masne kiseline 2%,Omega 3 masne kiseline 0,45%,DHA 0,3%,EPA 0,1%,Glukozamin 1200 mg\/kg,Hondroitin sulfat 900 mg\/kg.<\/p>\n<p class=\"\" data-start=\"1736\" data-end=\"1781\"><strong data-start=\"1736\" data-end=\"1781\">Preporuka za hranjenje (dnevna koli\u010dina):<\/strong><\/p>\n<div class=\"overflow-x-auto contain-inline-size\">\n<table data-start=\"1783\" data-end=\"1937\">\n<thead data-start=\"1783\" data-end=\"1813\">\n<tr data-start=\"1783\" data-end=\"1813\">\n<th data-start=\"1783\" data-end=\"1798\">Te\u017eina ma\u010dke<\/th>\n<th data-start=\"1798\" data-end=\"1813\">Dnevna doza<\/th>\n<\/tr>\n<\/thead>\n<tbody data-start=\"1845\" data-end=\"1937\">\n<tr data-start=\"1845\" data-end=\"1875\">\n<td>2\u20133 kg<\/td>\n<td>35\u201345 g<\/td>\n<\/tr>\n<tr data-start=\"1876\" data-end=\"1906\">\n<td>4\u20135 kg<\/td>\n<td>50\u201360 g<\/td>\n<\/tr>\n<tr data-start=\"1907\" data-end=\"1937\">\n<td>6+ kg<\/td>\n<td>65\u201375 g<\/td>\n<\/tr>\n<\/tbody>\n<\/table>\n<\/div>\n<p class=\"\" data-start=\"1941\" data-end=\"2032\"><em data-start=\"1941\" data-end=\"2032\">Koli\u010dine su okvirne i prilagodljive u skladu sa aktivno\u0161\u0107u, godinama i savetu veterinara.<\/em><\/p>\n<p><strong>Karakteristike proizvoda:<\/strong><\/p>\n<p>Kategorija: Suva hrana za sterilisane odrasle ma\u010dke<\/p>\n<p>Ukus: Prepelica i nar sa bundevom \u2013 izuzetno ukusna i funkcionalna formula<\/p>\n<p>Specijalna namena: Grain free ishrana za kontrolu telesne te\u017eine i podr\u0161ku varenju<\/p>\n<p>Veli\u010dina pakovanja: 300g (odli\u010dno za probu, putovanja ili kontrolisano doziranje)<\/p>\n<p>\ud83d\udd17 Vi\u0161e informacija o brendu mo\u017eete prona\u0107i <a href=\"https:\/\/www.happydog-club.com\/ru\/c\/brendovi\/nd-hrana-za-macke\/\">ovde<\/a><\/p>\n<p>&nbsp;<\/p>","protected":false},"excerpt":{"rendered":"<p>\ud83d\udc3e Prepelica \u2013 izvor retkog, lako svarljivog i hipoalergenog proteina<br \/>\n\ud83d\udc3e Nar \u2013 sna\u017ean antioksidans za za\u0161titu \u0107elija i imunitet<br \/>\n\ud83d\udc3e Bundeva \u2013 bogata vlaknima, podr\u017eava probavu i odr\u017eava sitost<br \/>\n\ud83d\udc3e Grain free formula \u2013 bez \u017eitarica, glutena i GMO sastojaka<br \/>\n\ud83d\udc3e Pakovanje od 300g \u2013 savr\u0161eno za probu, putovanja ili male porcije uz maksimalnu sve\u017einu<\/p>\n<p>N&amp;D Pumpkin Feline Neutered \u2013 Prepelica i Nar je potpuna suva hrana bez \u017eitarica, specijalno formulisana za sterilisane ma\u010dke, sa ciljem da pomogne u kontroli telesne te\u017eine i o\u010duvanju zdravlja urinarnog trakta.<\/p>\n<p>\ud83d\udc49 Poru\u010dite odmah i pru\u017eite svojoj sterilisanoj ma\u010dki lagan, ukusan i funkcionalan obrok svaki dan!<\/p>","protected":false},"featured_media":16554,"comment_status":"open","ping_status":"closed","template":"","meta":{"_acf_changed":false},"product_brand":[],"product_cat":[38,37,74],"product_tag":[],"class_list":{"0":"post-930","1":"product","2":"type-product","3":"status-publish","4":"has-post-thumbnail","6":"product_cat-granule-za-macke","7":"product_cat-hrana-za-macke","8":"product_cat-nd-hrana-za-macke","10":"first","11":"instock","12":"purchasable","13":"product-type-simple"},"acf":[],"seolaxy_ctr_woo_product_custom_meta_description_content":"","_links":{"self":[{"href":"https:\/\/www.happydog-club.com\/ru\/wp-json\/wp\/v2\/product\/930","targetHints":{"allow":["GET"]}}],"collection":[{"href":"https:\/\/www.happydog-club.com\/ru\/wp-json\/wp\/v2\/product"}],"about":[{"href":"https:\/\/www.happydog-club.com\/ru\/wp-json\/wp\/v2\/types\/product"}],"replies":[{"embeddable":true,"href":"https:\/\/www.happydog-club.com\/ru\/wp-json\/wp\/v2\/comments?post=930"}],"version-history":[{"count":2,"href":"https:\/\/www.happydog-club.com\/ru\/wp-json\/wp\/v2\/product\/930\/revisions"}],"predecessor-version":[{"id":19886,"href":"https:\/\/www.happydog-club.com\/ru\/wp-json\/wp\/v2\/product\/930\/revisions\/19886"}],"wp:featuredmedia":[{"embeddable":true,"href":"https:\/\/www.happydog-club.com\/ru\/wp-json\/wp\/v2\/media\/16554"}],"wp:attachment":[{"href":"https:\/\/www.happydog-club.com\/ru\/wp-json\/wp\/v2\/media?parent=930"}],"wp:term":[{"taxonomy":"product_brand","embeddable":true,"href":"https:\/\/www.happydog-club.com\/ru\/wp-json\/wp\/v2\/product_brand?post=930"},{"taxonomy":"product_cat","embeddable":true,"href":"https:\/\/www.happydog-club.com\/ru\/wp-json\/wp\/v2\/product_cat?post=930"},{"taxonomy":"product_tag","embeddable":true,"href":"https:\/\/www.happydog-club.com\/ru\/wp-json\/wp\/v2\/product_tag?post=930"}],"curies":[{"name":"wp","href":"https:\/\/api.w.org\/{rel}","templated":true}]}}